{"id":10187,"date":"2025-11-05T22:21:14","date_gmt":"2025-11-05T22:21:14","guid":{"rendered":"https:\/\/novakalip.com.tr\/?page_id=10187"},"modified":"2025-12-13T17:15:37","modified_gmt":"2025-12-13T17:15:37","slug":"medikal","status":"publish","type":"page","link":"https:\/\/novakalip.com.tr\/en\/medikal\/","title":{"rendered":"Medical"},"content":{"rendered":"<div data-elementor-type=\"wp-page\" data-elementor-id=\"10187\" class=\"elementor elementor-10187\">\n\t\t\t\t<div class=\"elementor-element elementor-element-4c5b735 e-flex e-con-boxed e-con e-parent\" data-id=\"4c5b735\" data-element_type=\"container\">\n\t\t\t\t\t<div class=\"e-con-inner\">\n\t\t\t\t<div class=\"elementor-element elementor-element-877facf elementor-widget elementor-widget-ct_heading\" data-id=\"877facf\" data-element_type=\"widget\" data-widget_type=\"ct_heading.default\">\n\t\t\t\t<div class=\"elementor-widget-container\">\n\t\t\t\t\t<div id=\"ct_heading-877facf\" class=\"ct-heading h-align- item-st-default highlight-style1\">\r\n  <div class=\"ct-heading--inner\"> \r\n    <div class=\"ct-inline-css\"  data-css=\"                                \">\r\n    <\/div>\r\n  \r\n\t    <h3 class=\"item--title st-default\" data-wow-delay=\"ms\">\r\n        <span class=\"ct-text-inner\">Medical<\/span>    <\/h3>\r\n  <\/div>\r\n<\/div>\r\n\t\t\t\t<\/div>\n\t\t\t\t<\/div>\n\t\t\t\t\t<\/div>\n\t\t\t\t<\/div>\n\t\t<div class=\"elementor-element elementor-element-f4104a3 e-flex e-con-boxed e-con e-parent\" data-id=\"f4104a3\" data-element_type=\"container\">\n\t\t\t\t\t<div class=\"e-con-inner\">\n\t\t\t\t<div class=\"elementor-element elementor-element-7e8424b elementor-widget elementor-widget-image-gallery\" data-id=\"7e8424b\" data-element_type=\"widget\" data-widget_type=\"image-gallery.default\">\n\t\t\t\t<div class=\"elementor-widget-container\">\n\t\t\t\t\t\t\t<div class=\"elementor-image-gallery\">\n\t\t\t<div id='gallery-1' class='gallery galleryid-10187 gallery-columns-4 gallery-size-thumbnail'><figure class='gallery-item'>\n\t\t\t<div class='gallery-icon landscape'>\n\t\t\t\t<a data-elementor-open-lightbox=\"yes\" data-elementor-lightbox-slideshow=\"7e8424b\" data-elementor-lightbox-title=\"5ebfa0fd-23bf-4aa8-8f0b-59e6c12cf295\" data-e-action-hash=\"#elementor-action%3Aaction%3Dlightbox%26settings%3DeyJpZCI6MTA0MzUsInVybCI6Imh0dHBzOlwvXC9ub3Zha2FsaXAuY29tLnRyXC93cC1jb250ZW50XC91cGxvYWRzXC8yMDI1XC8xMVwvNWViZmEwZmQtMjNiZi00YWE4LThmMGItNTllNmMxMmNmMjk1LmpwZyIsInNsaWRlc2hvdyI6IjdlODQyNGIifQ%3D%3D\" href='https:\/\/novakalip.com.tr\/wp-content\/uploads\/2025\/11\/5ebfa0fd-23bf-4aa8-8f0b-59e6c12cf295.jpg'><img decoding=\"async\" width=\"150\" height=\"150\" data-src=\"https:\/\/novakalip.com.tr\/wp-content\/uploads\/2025\/11\/5ebfa0fd-23bf-4aa8-8f0b-59e6c12cf295-150x150.jpg\" class=\"attachment-thumbnail size-thumbnail lazyload\" alt=\"\" aria-describedby=\"gallery-1-10435\" data-srcset=\"https:\/\/novakalip.com.tr\/wp-content\/uploads\/2025\/11\/5ebfa0fd-23bf-4aa8-8f0b-59e6c12cf295-150x150.jpg 150w, https:\/\/novakalip.com.tr\/wp-content\/uploads\/2025\/11\/5ebfa0fd-23bf-4aa8-8f0b-59e6c12cf295-90x90.jpg 90w, https:\/\/novakalip.com.tr\/wp-content\/uploads\/2025\/11\/5ebfa0fd-23bf-4aa8-8f0b-59e6c12cf295-96x96.jpg 96w\" data-sizes=\"(max-width: 150px) 100vw, 150px\" src=\"data:image\/svg+xml;base64,PHN2ZyB3aWR0aD0iMSIgaGVpZ2h0PSIxIiB4bWxucz0iaHR0cDovL3d3dy53My5vcmcvMjAwMC9zdmciPjwvc3ZnPg==\" style=\"--smush-placeholder-width: 150px; --smush-placeholder-aspect-ratio: 150\/150;\" \/><\/a>\n\t\t\t<\/div>\n\t\t\t\t<figcaption class='wp-caption-text gallery-caption' id='gallery-1-10435'>\n\t\t\t\tHospital Bed Parts\n\t\t\t\t<\/figcaption><\/figure><figure class='gallery-item'>\n\t\t\t<div class='gallery-icon landscape'>\n\t\t\t\t<a data-elementor-open-lightbox=\"yes\" data-elementor-lightbox-slideshow=\"7e8424b\" data-elementor-lightbox-title=\"1b89b039-b90c-4236-a357-58d89ff4ce3b\" data-e-action-hash=\"#elementor-action%3Aaction%3Dlightbox%26settings%3DeyJpZCI6MTA0MzYsInVybCI6Imh0dHBzOlwvXC9ub3Zha2FsaXAuY29tLnRyXC93cC1jb250ZW50XC91cGxvYWRzXC8yMDI1XC8xMVwvMWI4OWIwMzktYjkwYy00MjM2LWEzNTctNThkODlmZjRjZTNiLmpwZyIsInNsaWRlc2hvdyI6IjdlODQyNGIifQ%3D%3D\" href='https:\/\/novakalip.com.tr\/wp-content\/uploads\/2025\/11\/1b89b039-b90c-4236-a357-58d89ff4ce3b.jpg'><img decoding=\"async\" width=\"150\" height=\"150\" data-src=\"https:\/\/novakalip.com.tr\/wp-content\/uploads\/2025\/11\/1b89b039-b90c-4236-a357-58d89ff4ce3b-150x150.jpg\" class=\"attachment-thumbnail size-thumbnail lazyload\" alt=\"\" aria-describedby=\"gallery-1-10436\" data-srcset=\"https:\/\/novakalip.com.tr\/wp-content\/uploads\/2025\/11\/1b89b039-b90c-4236-a357-58d89ff4ce3b-150x150.jpg 150w, https:\/\/novakalip.com.tr\/wp-content\/uploads\/2025\/11\/1b89b039-b90c-4236-a357-58d89ff4ce3b-90x90.jpg 90w, https:\/\/novakalip.com.tr\/wp-content\/uploads\/2025\/11\/1b89b039-b90c-4236-a357-58d89ff4ce3b-96x96.jpg 96w\" data-sizes=\"(max-width: 150px) 100vw, 150px\" src=\"data:image\/svg+xml;base64,PHN2ZyB3aWR0aD0iMSIgaGVpZ2h0PSIxIiB4bWxucz0iaHR0cDovL3d3dy53My5vcmcvMjAwMC9zdmciPjwvc3ZnPg==\" style=\"--smush-placeholder-width: 150px; --smush-placeholder-aspect-ratio: 150\/150;\" \/><\/a>\n\t\t\t<\/div>\n\t\t\t\t<figcaption class='wp-caption-text gallery-caption' id='gallery-1-10436'>\n\t\t\t\tHospital Bed Parts\n\t\t\t\t<\/figcaption><\/figure>\n\t\t<\/div>\n\t\t<\/div>\n\t\t\t\t\t\t<\/div>\n\t\t\t\t<\/div>\n\t\t\t\t\t<\/div>\n\t\t\t\t<\/div>\n\t\t\t\t<\/div>","protected":false},"excerpt":{"rendered":"<p>Medikal Hastane Yata\u011f\u0131 Par\u00e7alar\u0131 Hastane Yata\u011f\u0131 Par\u00e7alar\u0131<\/p>","protected":false},"author":1,"featured_media":0,"parent":0,"menu_order":0,"comment_status":"closed","ping_status":"closed","template":"","meta":{"footnotes":""},"class_list":["post-10187","page","type-page","status-publish","hentry"],"_links":{"self":[{"href":"https:\/\/novakalip.com.tr\/en\/wp-json\/wp\/v2\/pages\/10187","targetHints":{"allow":["GET"]}}],"collection":[{"href":"https:\/\/novakalip.com.tr\/en\/wp-json\/wp\/v2\/pages"}],"about":[{"href":"https:\/\/novakalip.com.tr\/en\/wp-json\/wp\/v2\/types\/page"}],"author":[{"embeddable":true,"href":"https:\/\/novakalip.com.tr\/en\/wp-json\/wp\/v2\/users\/1"}],"replies":[{"embeddable":true,"href":"https:\/\/novakalip.com.tr\/en\/wp-json\/wp\/v2\/comments?post=10187"}],"version-history":[{"count":7,"href":"https:\/\/novakalip.com.tr\/en\/wp-json\/wp\/v2\/pages\/10187\/revisions"}],"predecessor-version":[{"id":10667,"href":"https:\/\/novakalip.com.tr\/en\/wp-json\/wp\/v2\/pages\/10187\/revisions\/10667"}],"wp:attachment":[{"href":"https:\/\/novakalip.com.tr\/en\/wp-json\/wp\/v2\/media?parent=10187"}],"curies":[{"name":"wp","href":"https:\/\/api.w.org\/{rel}","templated":true}]}}