{"id":10081,"date":"2025-10-22T22:56:46","date_gmt":"2025-10-22T22:56:46","guid":{"rendered":"https:\/\/novakalip.com.tr\/?page_id=10081"},"modified":"2025-12-02T13:04:36","modified_gmt":"2025-12-02T13:04:36","slug":"iletisim","status":"publish","type":"page","link":"https:\/\/novakalip.com.tr\/en\/iletisim\/","title":{"rendered":"Contact"},"content":{"rendered":"<div data-elementor-type=\"wp-page\" data-elementor-id=\"10081\" class=\"elementor elementor-10081\">\n\t\t\t\t<div class=\"elementor-element elementor-element-d11b798 e-flex e-con-boxed e-con e-parent\" data-id=\"d11b798\" data-element_type=\"container\">\n\t\t\t\t\t<div class=\"e-con-inner\">\n\t\t\t\t<div class=\"elementor-element elementor-element-4abffdc elementor-widget elementor-widget-google_maps\" data-id=\"4abffdc\" data-element_type=\"widget\" data-widget_type=\"google_maps.default\">\n\t\t\t\t<div class=\"elementor-widget-container\">\n\t\t\t\t\t\t\t<div class=\"elementor-custom-embed\">\n\t\t\t<iframe\n\t\t\t\t\tdata-src=\"https:\/\/maps.google.com\/maps?q=Organize%20Sanayi%20B%C3%B6lgesi%208.%20Cadde%20No%3A19&#038;t=m&#038;z=17&#038;output=embed&#038;iwloc=near\"\n\t\t\t\t\ttitle=\"Organize Sanayi B\u00f6lgesi 8. Cadde No:19\"\n\t\t\t\t\taria-label=\"Organize Sanayi B\u00f6lgesi 8. Cadde No:19\"\n\t\t\t src=\"data:image\/svg+xml;base64,PHN2ZyB3aWR0aD0iMSIgaGVpZ2h0PSIxIiB4bWxucz0iaHR0cDovL3d3dy53My5vcmcvMjAwMC9zdmciPjwvc3ZnPg==\" class=\"lazyload\" data-load-mode=\"1\"><\/iframe>\n\t\t<\/div>\n\t\t\t\t\t\t<\/div>\n\t\t\t\t<\/div>\n\t\t\t\t\t<\/div>\n\t\t\t\t<\/div>\n\t\t<div class=\"elementor-element elementor-element-7901614 e-flex e-con-boxed e-con e-parent\" data-id=\"7901614\" data-element_type=\"container\">\n\t\t\t\t\t<div class=\"e-con-inner\">\n\t\t<div class=\"elementor-element elementor-element-b7f3af5 e-con-full e-flex e-con e-child\" data-id=\"b7f3af5\" data-element_type=\"container\">\n\t\t\t\t<div class=\"elementor-element elementor-element-16bd888 elementor-widget elementor-widget-text-editor\" data-id=\"16bd888\" data-element_type=\"widget\" data-widget_type=\"text-editor.default\">\n\t\t\t\t<div class=\"elementor-widget-container\">\n\t\t\t\t\t\t\t\t\t<p>You can request an appointment for a visit. We would be happy to introduce our factory to you.<\/p><p>.<\/p>\t\t\t\t\t\t\t\t<\/div>\n\t\t\t\t<\/div>\n\t\t\t\t<\/div>\n\t\t<div class=\"elementor-element elementor-element-a76ac2d e-con-full e-flex e-con e-child\" data-id=\"a76ac2d\" data-element_type=\"container\">\n\t\t\t\t<div class=\"elementor-element elementor-element-688d7fc elementor-widget elementor-widget-ct_contact_form\" data-id=\"688d7fc\" data-element_type=\"widget\" data-widget_type=\"ct_contact_form.default\">\n\t\t\t\t<div class=\"elementor-widget-container\">\n\t\t\t\t\t    <div class=\"ct-contact-form ct-contact-form-layout1 style1\">\r\n    \t        <div class=\"ct-contact-form\">\r\n            \n<div class=\"wpcf7 no-js\" id=\"wpcf7-f3753-o1\" lang=\"en-US\" dir=\"ltr\" data-wpcf7-id=\"3753\">\n<div class=\"screen-reader-response\"><p role=\"status\" aria-live=\"polite\" aria-atomic=\"true\"><\/p> <ul><\/ul><\/div>\n<form action=\"\/en\/wp-json\/wp\/v2\/pages\/10081#wpcf7-f3753-o1\" method=\"post\" class=\"wpcf7-form init\" aria-label=\"Contact form\" novalidate=\"novalidate\" data-status=\"init\" data-trp-original-action=\"\/en\/wp-json\/wp\/v2\/pages\/10081#wpcf7-f3753-o1\">\n<fieldset class=\"hidden-fields-container\"><input type=\"hidden\" name=\"_wpcf7\" value=\"3753\" \/><input type=\"hidden\" name=\"_wpcf7_version\" value=\"6.1.4\" \/><input type=\"hidden\" name=\"_wpcf7_locale\" value=\"en_US\" \/><input type=\"hidden\" name=\"_wpcf7_unit_tag\" value=\"wpcf7-f3753-o1\" \/><input type=\"hidden\" name=\"_wpcf7_container_post\" value=\"0\" \/><input type=\"hidden\" name=\"_wpcf7_posted_data_hash\" value=\"\" \/>\n<\/fieldset>\n<div class=\"row\">\n\t<div class=\"input-filled col-lg-6 col-md-6\">\n\t\t<p><span class=\"wpcf7-form-control-wrap\" data-name=\"your-name\"><input size=\"40\" maxlength=\"400\" class=\"wpcf7-form-control wpcf7-text wpcf7-validates-as-required\" aria-required=\"true\" aria-invalid=\"false\" placeholder=\"Name*\" value=\"\" type=\"text\" name=\"your-name\" \/><\/span>\n\t\t<\/p>\n\t<\/div>\n\t<div class=\"input-filled col-lg-6 col-md-6\">\n\t\t<p><span class=\"wpcf7-form-control-wrap\" data-name=\"your-email\"><input size=\"40\" maxlength=\"400\" class=\"wpcf7-form-control wpcf7-email wpcf7-validates-as-required wpcf7-text wpcf7-validates-as-email\" aria-required=\"true\" aria-invalid=\"false\" placeholder=\"Mail*\" value=\"\" type=\"email\" name=\"your-email\" \/><\/span>\n\t\t<\/p>\n\t<\/div>\n<\/div>\n<div class=\"row\">\n\t<div class=\"input-filled col-lg-6 col-md-6\">\n\t\t<p><span class=\"wpcf7-form-control-wrap\" data-name=\"your-phone\"><input size=\"40\" maxlength=\"400\" class=\"wpcf7-form-control wpcf7-text\" aria-invalid=\"false\" placeholder=\"Phone Number*\" value=\"\" type=\"text\" name=\"your-phone\" \/><\/span>\n\t\t<\/p>\n\t<\/div>\n\t<div class=\"input-filled col-lg-6 col-md-6\">\n\t\t<p><span class=\"wpcf7-form-control-wrap\" data-name=\"your-service\"><select class=\"wpcf7-form-control wpcf7-select wpcf7-validates-as-required\" aria-required=\"true\" aria-invalid=\"false\" name=\"your-service\"><option value=\"Servis Se\u00e7iniz\">Select Service<\/option><option value=\"\u0130nsan Kaynaklar\u0131\">Human Resources<\/option><option value=\"Muhasebe\">Accounting<\/option><option value=\"Sat\u0131n Alma\">Purchasing<\/option><\/select><\/span>\n\t\t<\/p>\n\t<\/div>\n<\/div>\n<div class=\"row\">\n\t<div class=\"input-filled col-12\">\n\t\t<p><span class=\"wpcf7-form-control-wrap\" data-name=\"your-message\"><textarea cols=\"40\" rows=\"10\" maxlength=\"2000\" class=\"wpcf7-form-control wpcf7-textarea wpcf7-validates-as-required\" aria-required=\"true\" aria-invalid=\"false\" placeholder=\"Message*\" name=\"your-message\"><\/textarea><\/span>\n\t\t<\/p>\n\t<\/div>\n\t<div class=\"input-filled col-12\">\n\t\t<p><button type=\"submit\" class=\"wpcf7-submit btn\">Send+<i class=\"ct-icon-plus size-sm space-left\"><\/i><\/button>\n\t\t<\/p>\n\t<\/div>\n<\/div><div class=\"wpcf7-response-output\" aria-hidden=\"true\"><\/div>\n<input type=\"hidden\" name=\"trp-form-language\" value=\"en\"\/><\/form>\n<\/div>\n        <\/div>\r\n    <\/div>\r\n\t\t\t\t<\/div>\n\t\t\t\t<\/div>\n\t\t\t\t<\/div>\n\t\t\t\t\t<\/div>\n\t\t\t\t<\/div>\n\t\t<div class=\"elementor-element elementor-element-ef31d91 e-flex e-con-boxed e-con e-parent\" data-id=\"ef31d91\" data-element_type=\"container\">\n\t\t\t\t\t<div class=\"e-con-inner\">\n\t\t<div class=\"elementor-element elementor-element-69224dd e-con-full e-flex e-con e-child\" data-id=\"69224dd\" data-element_type=\"container\">\n\t\t\t\t<div class=\"elementor-element elementor-element-a6b2d5c elementor-widget elementor-widget-text-editor\" data-id=\"a6b2d5c\" data-element_type=\"widget\" data-widget_type=\"text-editor.default\">\n\t\t\t\t<div class=\"elementor-widget-container\">\n\t\t\t\t\t\t\t\t\t<h5>NOVA KALIP SANAY\u0130 A.\u015e.<\/h5><p><span class=\"block\"><strong><i class=\"fa fa-map-marker\"><\/i>\u00a0Adres:<\/strong>\u00a0Organize Sanayi B\u00f6lgesi 8. Cadde No:19<br \/>26110 Eski\u015fehir \/ T\u00fcrkiye<\/span><\/p><p><span class=\"block\"><strong><i class=\"fa fa-phone\"><\/i>\u00a0<\/strong><\/span><span class=\"block\"><strong>Telefon:<\/strong>\u00a0+90 222 236 0690<\/span><\/p><p><span class=\"block\"><strong><i class=\"fa fa-phone\"><\/i>\u00a0Telefon:<\/strong>\u00a0+90 222 236 0691<\/span><\/p><p><span class=\"block\"><strong><i class=\"fa fa-phone\"><\/i>\u00a0Telefon:<\/strong>\u00a0+90 222 236 0692<\/span><\/p><p><span class=\"block\"><strong><i class=\"fa fa-print\"><\/i>\u00a0Faks:<\/strong>\u00a0+90 222 236 0689<\/span><\/p><p><span class=\"block\"><strong><i class=\"fa fa-envelope\"><\/i>\u00a0Email:<\/strong>\u00a0<a href=\"mailto:info@novakalip.com.tr\">info@novakalip.com.tr<\/a><\/span><\/p>\t\t\t\t\t\t\t\t<\/div>\n\t\t\t\t<\/div>\n\t\t\t\t<\/div>\n\t\t<div class=\"elementor-element elementor-element-a930c25 e-con-full e-flex e-con e-child\" data-id=\"a930c25\" data-element_type=\"container\">\n\t\t\t\t<div class=\"elementor-element elementor-element-a40cace elementor-widget elementor-widget-text-editor\" data-id=\"a40cace\" data-element_type=\"widget\" data-widget_type=\"text-editor.default\">\n\t\t\t\t<div class=\"elementor-widget-container\">\n\t\t\t\t\t\t\t\t\t<h5>NOVA 2 Eski\u015fehir<\/h5><p><span class=\"block\"><strong><i class=\"fa fa-map-marker\"><\/i>\u00a0Adres:<\/strong> Organize Sanayi B\u00f6lgesi 20. Cadde No:10 26110 Eski\u015fehir \/ T\u00fcrkiye<\/span><\/p><p><span class=\"block\"><strong><i class=\"fa fa-phone\"><\/i>\u00a0Telefon:<\/strong>\u00a0+90 222 236 1939<\/span><\/p><p><span class=\"block\"><strong><i class=\"fa fa-phone\"><\/i>\u00a0Telefon:<\/strong>\u00a0+90 222 236 1949<\/span><\/p>\t\t\t\t\t\t\t\t<\/div>\n\t\t\t\t<\/div>\n\t\t\t\t<\/div>\n\t\t<div class=\"elementor-element elementor-element-7589c36 e-con-full e-flex e-con e-child\" data-id=\"7589c36\" data-element_type=\"container\">\n\t\t\t\t<div class=\"elementor-element elementor-element-1af8709 elementor-widget elementor-widget-text-editor\" data-id=\"1af8709\" data-element_type=\"widget\" data-widget_type=\"text-editor.default\">\n\t\t\t\t<div class=\"elementor-widget-container\">\n\t\t\t\t\t\t\t\t\t<h5>NOVA \u0130stanbul<\/h5><p><span class=\"block\"><strong><i class=\"fa fa-map-marker\"><\/i>\u00a0Adres:<\/strong>\u00a0Top\u00e7ular Mah. Rami K\u0131\u015fla Cad. No:61 \u00dcretmen \u0130\u015f Merkezi A Blok No:172-308-309<br \/>Ey\u00fcp \/ \u0130stanbul<\/span><\/p><p><span class=\"block\"><strong><i class=\"fa fa-phone\"><\/i>\u00a0Telefon:<\/strong>\u00a0+90 212 612 1254<\/span><\/p><p><span class=\"block\"><strong><i class=\"fa fa-phone\"><\/i>\u00a0Telefon:<\/strong>\u00a0+90 212 612 1264<\/span><\/p>\t\t\t\t\t\t\t\t<\/div>\n\t\t\t\t<\/div>\n\t\t\t\t<\/div>\n\t\t<div class=\"elementor-element elementor-element-6307737 e-con-full e-flex e-con e-child\" data-id=\"6307737\" data-element_type=\"container\">\n\t\t\t\t<\/div>\n\t\t<div class=\"elementor-element elementor-element-9f1db71 e-con-full e-flex e-con e-child\" data-id=\"9f1db71\" data-element_type=\"container\">\n\t\t\t\t<\/div>\n\t\t<div class=\"elementor-element elementor-element-5fd1cd4 e-con-full e-flex e-con e-child\" data-id=\"5fd1cd4\" data-element_type=\"container\">\n\t\t\t\t<\/div>\n\t\t\t\t\t<\/div>\n\t\t\t\t<\/div>\n\t\t\t\t<\/div>","protected":false},"excerpt":{"rendered":"<p>Ziyaret i\u00e7in randevu talep edebilirsiniz. Sizlere fabrikam\u0131z\u0131 tan\u0131tmaktan mutluluk duyar\u0131z. . Servis Se\u00e7iniz\u0130nsan Kaynaklar\u0131MuhasebeSat\u0131n Alma G\u00f6nder NOVA KALIP SANAY\u0130 A.\u015e. \u00a0Adres:\u00a0Organize Sanayi B\u00f6lgesi 8. Cadde No:1926110 Eski\u015fehir \/ T\u00fcrkiye \u00a0Telefon:\u00a0+90 222 236 0690 \u00a0Telefon:\u00a0+90 222 236 0691 \u00a0Telefon:\u00a0+90 222 236 0692 \u00a0Faks:\u00a0+90 222 236 0689 \u00a0Email:\u00a0info@novakalip.com.tr NOVA 2 Eski\u015fehir \u00a0Adres: Organize Sanayi B\u00f6lgesi 20. Cadde [&hellip;]<\/p>","protected":false},"author":1,"featured_media":0,"parent":0,"menu_order":0,"comment_status":"closed","ping_status":"closed","template":"","meta":{"footnotes":""},"class_list":["post-10081","page","type-page","status-publish","hentry"],"_links":{"self":[{"href":"https:\/\/novakalip.com.tr\/en\/wp-json\/wp\/v2\/pages\/10081","targetHints":{"allow":["GET"]}}],"collection":[{"href":"https:\/\/novakalip.com.tr\/en\/wp-json\/wp\/v2\/pages"}],"about":[{"href":"https:\/\/novakalip.com.tr\/en\/wp-json\/wp\/v2\/types\/page"}],"author":[{"embeddable":true,"href":"https:\/\/novakalip.com.tr\/en\/wp-json\/wp\/v2\/users\/1"}],"replies":[{"embeddable":true,"href":"https:\/\/novakalip.com.tr\/en\/wp-json\/wp\/v2\/comments?post=10081"}],"version-history":[{"count":13,"href":"https:\/\/novakalip.com.tr\/en\/wp-json\/wp\/v2\/pages\/10081\/revisions"}],"predecessor-version":[{"id":10603,"href":"https:\/\/novakalip.com.tr\/en\/wp-json\/wp\/v2\/pages\/10081\/revisions\/10603"}],"wp:attachment":[{"href":"https:\/\/novakalip.com.tr\/en\/wp-json\/wp\/v2\/media?parent=10081"}],"curies":[{"name":"wp","href":"https:\/\/api.w.org\/{rel}","templated":true}]}}