{"id":10078,"date":"2025-10-22T22:51:51","date_gmt":"2025-10-22T22:51:51","guid":{"rendered":"https:\/\/novakalip.com.tr\/?page_id=10078"},"modified":"2025-12-02T12:50:34","modified_gmt":"2025-12-02T12:50:34","slug":"kalite-guvence","status":"publish","type":"page","link":"https:\/\/novakalip.com.tr\/en\/kalite-guvence\/","title":{"rendered":"Quality Assurance"},"content":{"rendered":"<div data-elementor-type=\"wp-page\" data-elementor-id=\"10078\" class=\"elementor elementor-10078\">\n\t\t\t\t<div class=\"elementor-element elementor-element-5864dd1 e-flex e-con-boxed e-con e-parent\" data-id=\"5864dd1\" data-element_type=\"container\">\n\t\t\t\t\t<div class=\"e-con-inner\">\n\t\t\t\t<div class=\"elementor-element elementor-element-0fd29c6 elementor-widget elementor-widget-ct_image\" data-id=\"0fd29c6\" data-element_type=\"widget\" data-widget_type=\"ct_image.default\">\n\t\t\t\t<div class=\"elementor-widget-container\">\n\t\t\t\t\t<div class=\"ct-image-single ct-no-effect\" data-width=\"\" data-height=\"\" data-wow-delay=\"ms\">\r\n            <div class=\"ct-image-single--inner\">\r\n                            <img fetchpriority=\"high\" decoding=\"async\" width=\"2560\" height=\"567\" src=\"https:\/\/novakalip.com.tr\/wp-content\/uploads\/2025\/11\/kalite-scaled-kopya.jpg\" class=\"no-lazyload img-main attachment-full\" alt=\"\" \/>                    <\/div>\r\n    <\/div>\t\t\t\t<\/div>\n\t\t\t\t<\/div>\n\t\t\t\t\t<\/div>\n\t\t\t\t<\/div>\n\t\t<div class=\"elementor-element elementor-element-5bf18761 e-flex e-con-boxed e-con e-parent\" data-id=\"5bf18761\" data-element_type=\"container\">\n\t\t\t\t\t<div class=\"e-con-inner\">\n\t\t\t\t<div class=\"elementor-element elementor-element-4f53551 elementor-widget elementor-widget-text-editor\" data-id=\"4f53551\" data-element_type=\"widget\" data-widget_type=\"text-editor.default\">\n\t\t\t\t<div class=\"elementor-widget-container\">\n\t\t\t\t\t\t\t\t\t\n<h4>QUALITY ASSURANCE<\/h4>\n<p>Our quality measurement devices and the tests we carry out, which are frequently used by Quality Assurance, are as follows. Quality measurement devices are subject to periodic calibration on dates determined by quality control plans.<\/p>\n\n<p>Quality Measuring Devices<\/p>\n\n<ul class=\"wp-block-list\">\n<li>DEA CMM Measuring Device (Global Performance 12.22.10)\u00a0<\/li>\n\n<li>Mitutoyo PH-A 14 Profile Projector<\/li>\n\n<li>Mahr MarSurf XC20 Contour Device<\/li>\n\n<li>Mitutoyo SJ-210 Surface Roughness Measurement Device<\/li>\n\n<li>Minolta CM-26d \u2013 Color Measuring Device \u2013 Spectrophotometer<\/li>\n\n<li>Minolta CR-300 \u2013 Color Meter \u2013 Chromameter<\/li>\n\n<li>Minolta Multi Gloss 268 \u2013 Gloss Meter \u2013 Glossmeter<\/li>\n\n<li>Digital Fan Balance Measurement Device<\/li>\n\n<li>ElektroPhysik \u2013 Coating Thickness Measuring Device<\/li>\n\n<li>TM132 \u2013 Hardness Tester<\/li>\n\n<li>Ceast MF20 \u2013 MFI Meter<\/li>\n\n<li>Kern DBS 60-3 Moisture Analyzer<\/li>\n\n<li>Precisa\u00a0LS 220A SCS Density Meter<\/li>\n\n<li>Stuart SMP 30 \u2013 Melting Point Determiner<\/li>\n\n<li>Dynamometer<\/li>\n\n<li>Shoremeter<\/li>\n\n<li>Torque meter<\/li>\n\n<li>Ovality Tester<\/li>\n\n<li>Ash Determination Device<\/li>\n\n<li>MFI Tester<\/li>\n\n<li>Lauda Eco E15 Antifreeze Life Test Device<\/li>\n\n<li>Mitutoyo Digital Caliper (50-1000 mm)<\/li>\n\n<li>Mitutoyo Digital Measuring Instrument and Comparator<\/li>\n\n<li>Mitutoyo Digital Micrometer<\/li>\n\n<li>CAS \u2013 Precision Scale<\/li>\n\n<li>Cross-cut Testing Device<\/li>\n\n<li>Infrared Heat Measurement Device<\/li>\n\n<li>Viscometer<\/li>\n\n<li>Angle and Chamfer Measuring Devices<\/li>\n<\/ul>\n\t\t\t\t\t\t\t\t<\/div>\n\t\t\t\t<\/div>\n\t\t\t\t\t<\/div>\n\t\t\t\t<\/div>\n\t\t\t\t<\/div>","protected":false},"excerpt":{"rendered":"<p>KAL\u0130TE G\u00dcVENCE Kalite G\u00fcvence taraf\u0131ndan s\u0131kl\u0131kla kullan\u0131lan kalite \u00f6l\u00e7\u00fcm cihazlar\u0131m\u0131z ve yapm\u0131\u015f oldu\u011fumuz testler a\u015fa\u011f\u0131daki \u015fekildedir. Kalite \u00f6l\u00e7\u00fcm cihazlar\u0131, kalite kontrol planlar\u0131yla belirlenmi\u015f tarihlerde periyodik olarak kalibrasyona tabi tutulmaktad\u0131r. Kalite \u00d6l\u00e7\u00fcm Cihazlar\u0131<\/p>","protected":false},"author":1,"featured_media":0,"parent":0,"menu_order":0,"comment_status":"closed","ping_status":"closed","template":"","meta":{"footnotes":""},"class_list":["post-10078","page","type-page","status-publish","hentry"],"_links":{"self":[{"href":"https:\/\/novakalip.com.tr\/en\/wp-json\/wp\/v2\/pages\/10078","targetHints":{"allow":["GET"]}}],"collection":[{"href":"https:\/\/novakalip.com.tr\/en\/wp-json\/wp\/v2\/pages"}],"about":[{"href":"https:\/\/novakalip.com.tr\/en\/wp-json\/wp\/v2\/types\/page"}],"author":[{"embeddable":true,"href":"https:\/\/novakalip.com.tr\/en\/wp-json\/wp\/v2\/users\/1"}],"replies":[{"embeddable":true,"href":"https:\/\/novakalip.com.tr\/en\/wp-json\/wp\/v2\/comments?post=10078"}],"version-history":[{"count":10,"href":"https:\/\/novakalip.com.tr\/en\/wp-json\/wp\/v2\/pages\/10078\/revisions"}],"predecessor-version":[{"id":10594,"href":"https:\/\/novakalip.com.tr\/en\/wp-json\/wp\/v2\/pages\/10078\/revisions\/10594"}],"wp:attachment":[{"href":"https:\/\/novakalip.com.tr\/en\/wp-json\/wp\/v2\/media?parent=10078"}],"curies":[{"name":"wp","href":"https:\/\/api.w.org\/{rel}","templated":true}]}}