{"id":10075,"date":"2025-10-22T22:50:20","date_gmt":"2025-10-22T22:50:20","guid":{"rendered":"https:\/\/novakalip.com.tr\/?page_id=10075"},"modified":"2025-12-02T12:49:05","modified_gmt":"2025-12-02T12:49:05","slug":"lojistik","status":"publish","type":"page","link":"https:\/\/novakalip.com.tr\/en\/lojistik\/","title":{"rendered":"Logistics"},"content":{"rendered":"<div data-elementor-type=\"wp-page\" data-elementor-id=\"10075\" class=\"elementor elementor-10075\">\n\t\t\t\t<div class=\"elementor-element elementor-element-4cecb7c e-flex e-con-boxed e-con e-parent\" data-id=\"4cecb7c\" data-element_type=\"container\">\n\t\t\t\t\t<div class=\"e-con-inner\">\n\t\t\t\t<div class=\"elementor-element elementor-element-1a22b29 elementor-widget elementor-widget-ct_image\" data-id=\"1a22b29\" data-element_type=\"widget\" data-widget_type=\"ct_image.default\">\n\t\t\t\t<div class=\"elementor-widget-container\">\n\t\t\t\t\t<div class=\"ct-image-single ct-no-effect\" data-width=\"\" data-height=\"\" data-wow-delay=\"ms\">\r\n            <div class=\"ct-image-single--inner\">\r\n                            <img fetchpriority=\"high\" decoding=\"async\" width=\"2560\" height=\"567\" src=\"https:\/\/novakalip.com.tr\/wp-content\/uploads\/2025\/12\/lojistik-scaled-kopya-kopya.jpg\" class=\"no-lazyload img-main attachment-full\" alt=\"\" \/>                    <\/div>\r\n    <\/div>\t\t\t\t<\/div>\n\t\t\t\t<\/div>\n\t\t\t\t\t<\/div>\n\t\t\t\t<\/div>\n\t\t<div class=\"elementor-element elementor-element-d9cbbd3 e-flex e-con-boxed e-con e-parent\" data-id=\"d9cbbd3\" data-element_type=\"container\">\n\t\t\t\t\t<div class=\"e-con-inner\">\n\t\t\t\t<div class=\"elementor-element elementor-element-295675eb elementor-widget elementor-widget-text-editor\" data-id=\"295675eb\" data-element_type=\"widget\" data-widget_type=\"text-editor.default\">\n\t\t\t\t<div class=\"elementor-widget-container\">\n\t\t\t\t\t\t\t\t\t\n<h4>LOGISTICS<\/h4>\n<p>The ERP system, which is used in all processes in our company, from raw material purchasing planning to production, from shipment to accounting transactions, is supported by a barcode application, ensuring error-free and simultaneous operation of the system, and customer and supplier orders are tracked on the internet with the portal system.<\/p>\n\t\t\t\t\t\t\t\t<\/div>\n\t\t\t\t<\/div>\n\t\t\t\t\t<\/div>\n\t\t\t\t<\/div>\n\t\t\t\t<\/div>","protected":false},"excerpt":{"rendered":"<p>LOJ\u0130ST\u0130K Firmam\u0131zda hammadde al\u0131m\u0131 planlamas\u0131ndan \u00fcretime, sevkiyattan muhasebe i\u015flemlerine kadar t\u00fcm s\u00fcre\u00e7lerde kullan\u0131lan ERP sistemi, barkod uygulamas\u0131yla desteklenerek sistemin hatas\u0131z ve e\u015f zamanl\u0131 \u00e7al\u0131\u015fmas\u0131 sa\u011flanmakta, m\u00fc\u015fteri ve tedarik\u00e7i sipari\u015fleri portal sistemiyle internet ortam\u0131nda takip edilmektedir.<\/p>","protected":false},"author":1,"featured_media":0,"parent":0,"menu_order":0,"comment_status":"closed","ping_status":"closed","template":"","meta":{"footnotes":""},"class_list":["post-10075","page","type-page","status-publish","hentry"],"_links":{"self":[{"href":"https:\/\/novakalip.com.tr\/en\/wp-json\/wp\/v2\/pages\/10075","targetHints":{"allow":["GET"]}}],"collection":[{"href":"https:\/\/novakalip.com.tr\/en\/wp-json\/wp\/v2\/pages"}],"about":[{"href":"https:\/\/novakalip.com.tr\/en\/wp-json\/wp\/v2\/types\/page"}],"author":[{"embeddable":true,"href":"https:\/\/novakalip.com.tr\/en\/wp-json\/wp\/v2\/users\/1"}],"replies":[{"embeddable":true,"href":"https:\/\/novakalip.com.tr\/en\/wp-json\/wp\/v2\/comments?post=10075"}],"version-history":[{"count":13,"href":"https:\/\/novakalip.com.tr\/en\/wp-json\/wp\/v2\/pages\/10075\/revisions"}],"predecessor-version":[{"id":10591,"href":"https:\/\/novakalip.com.tr\/en\/wp-json\/wp\/v2\/pages\/10075\/revisions\/10591"}],"wp:attachment":[{"href":"https:\/\/novakalip.com.tr\/en\/wp-json\/wp\/v2\/media?parent=10075"}],"curies":[{"name":"wp","href":"https:\/\/api.w.org\/{rel}","templated":true}]}}