{"id":10069,"date":"2025-10-22T22:46:34","date_gmt":"2025-10-22T22:46:34","guid":{"rendered":"https:\/\/novakalip.com.tr\/?page_id=10069"},"modified":"2025-12-02T12:52:59","modified_gmt":"2025-12-02T12:52:59","slug":"boyahane-serigrafi","status":"publish","type":"page","link":"https:\/\/novakalip.com.tr\/en\/boyahane-serigrafi\/","title":{"rendered":"Painting &amp; Screening"},"content":{"rendered":"<div data-elementor-type=\"wp-page\" data-elementor-id=\"10069\" class=\"elementor elementor-10069\">\n\t\t\t\t<div class=\"elementor-element elementor-element-42edef2 e-flex e-con-boxed e-con e-parent\" data-id=\"42edef2\" data-element_type=\"container\">\n\t\t\t\t\t<div class=\"e-con-inner\">\n\t\t\t\t<div class=\"elementor-element elementor-element-03b5895 elementor-widget elementor-widget-ct_image\" data-id=\"03b5895\" data-element_type=\"widget\" data-widget_type=\"ct_image.default\">\n\t\t\t\t<div class=\"elementor-widget-container\">\n\t\t\t\t\t<div class=\"ct-image-single ct-no-effect\" data-width=\"\" data-height=\"\" data-wow-delay=\"ms\">\r\n            <div class=\"ct-image-single--inner\">\r\n                            <img fetchpriority=\"high\" decoding=\"async\" width=\"2560\" height=\"567\" src=\"https:\/\/novakalip.com.tr\/wp-content\/uploads\/2025\/11\/boyahane-scaled-kopya.jpg\" class=\"no-lazyload img-main attachment-full\" alt=\"\" \/>                    <\/div>\r\n    <\/div>\t\t\t\t<\/div>\n\t\t\t\t<\/div>\n\t\t\t\t\t<\/div>\n\t\t\t\t<\/div>\n\t\t<div class=\"elementor-element elementor-element-2bc653a0 e-flex e-con-boxed e-con e-parent\" data-id=\"2bc653a0\" data-element_type=\"container\">\n\t\t\t\t\t<div class=\"e-con-inner\">\n\t\t\t\t<div class=\"elementor-element elementor-element-7ff7a2da elementor-widget elementor-widget-text-editor\" data-id=\"7ff7a2da\" data-element_type=\"widget\" data-widget_type=\"text-editor.default\">\n\t\t\t\t<div class=\"elementor-widget-container\">\n\t\t\t\t\t\t\t\t\t\n<h3 class=\"wp-block-heading\">Painting &amp; Screening<\/h3>\n\n<p class=\"translation-block\">In our wet painting facility, all kinds of plastic parts produced by our company can be painted according to the surface quality, color, brightness and appearance requested by our customers. Paint applications in our facility are carried out in 2 positive pressure paint booths that are free from all kinds of foreign particles.<\/p>\n\n<p>The painting and measurement equipment used in our painting department is as follows;<\/p>\n\n<ul class=\"wp-block-list\">\n<li>MEP Teknik \u2013 Plastic Wet Paint Line (Positive pressure, 2 cabins)<\/li>\n\n<li>Minolta CM-26d Spektrofotometre<\/li>\n\n<li>Minolta CR-300 Color Meter<\/li>\n\n<li>Minolta Multi Gloss 268 Gloss Meter<\/li>\n\n<li>ElectroPhysik Paint Thickness Measurement Device<\/li>\n\n<li>Rainbow Color Tester<\/li>\n<\/ul>\n\n<p class=\"translation-block\">In our screen printing department, pad printing, silk printing and hot printing, industrial coding and marking applications and desired surface works are carried out in line with customer requests. The equipment used in our screen printing department is as follows;ed in our screen printing department is as follows;<\/p>\n\n<ul class=\"wp-block-list\">\n<li>Tampoprint Pad Printing Machine<\/li>\n\n<li>Bauer Hot Stamping Machine<\/li>\n\n<li>Videojet 1510 Industrial Coding and Marking Machine<\/li>\n\n<li>Silk Printing Application and Drying Line (2 units)<\/li>\n<\/ul>\n\n<p>\u00a0<\/p>\n\t\t\t\t\t\t\t\t<\/div>\n\t\t\t\t<\/div>\n\t\t\t\t\t<\/div>\n\t\t\t\t<\/div>\n\t\t<div class=\"elementor-element elementor-element-767bc37 e-flex e-con-boxed e-con e-parent\" data-id=\"767bc37\" data-element_type=\"container\">\n\t\t\t\t\t<div class=\"e-con-inner\">\n\t\t\t\t<div class=\"elementor-element elementor-element-bfb1ded elementor-widget elementor-widget-image-gallery\" data-id=\"bfb1ded\" data-element_type=\"widget\" data-widget_type=\"image-gallery.default\">\n\t\t\t\t<div class=\"elementor-widget-container\">\n\t\t\t\t\t\t\t<div class=\"elementor-image-gallery\">\n\t\t\t<div id='gallery-1' class='gallery galleryid-10069 gallery-columns-4 gallery-size-thumbnail'><figure class='gallery-item'>\n\t\t\t<div class='gallery-icon landscape'>\n\t\t\t\t<a data-elementor-open-lightbox=\"yes\" data-elementor-lightbox-slideshow=\"bfb1ded\" data-elementor-lightbox-title=\"14\" data-e-action-hash=\"#elementor-action%3Aaction%3Dlightbox%26settings%3DeyJpZCI6MTAzNjYsInVybCI6Imh0dHBzOlwvXC9ub3Zha2FsaXAuY29tLnRyXC93cC1jb250ZW50XC91cGxvYWRzXC8yMDI1XC8xMVwvMTQtMi1zY2FsZWQuanBnIiwic2xpZGVzaG93IjoiYmZiMWRlZCJ9\" href='https:\/\/novakalip.com.tr\/wp-content\/uploads\/2025\/11\/14-2-scaled.jpg'><img decoding=\"async\" width=\"150\" height=\"150\" data-src=\"https:\/\/novakalip.com.tr\/wp-content\/uploads\/2025\/11\/14-2-150x150.jpg\" class=\"attachment-thumbnail size-thumbnail lazyload\" alt=\"\" data-srcset=\"https:\/\/novakalip.com.tr\/wp-content\/uploads\/2025\/11\/14-2-150x150.jpg 150w, https:\/\/novakalip.com.tr\/wp-content\/uploads\/2025\/11\/14-2-90x90.jpg 90w, https:\/\/novakalip.com.tr\/wp-content\/uploads\/2025\/11\/14-2-300x300.jpg 300w, https:\/\/novakalip.com.tr\/wp-content\/uploads\/2025\/11\/14-2-600x600.jpg 600w, https:\/\/novakalip.com.tr\/wp-content\/uploads\/2025\/11\/14-2-96x96.jpg 96w, https:\/\/novakalip.com.tr\/wp-content\/uploads\/2025\/11\/14-2-460x460.jpg 460w\" data-sizes=\"(max-width: 150px) 100vw, 150px\" src=\"data:image\/svg+xml;base64,PHN2ZyB3aWR0aD0iMSIgaGVpZ2h0PSIxIiB4bWxucz0iaHR0cDovL3d3dy53My5vcmcvMjAwMC9zdmciPjwvc3ZnPg==\" style=\"--smush-placeholder-width: 150px; --smush-placeholder-aspect-ratio: 150\/150;\" \/><\/a>\n\t\t\t<\/div><\/figure><figure class='gallery-item'>\n\t\t\t<div class='gallery-icon landscape'>\n\t\t\t\t<a data-elementor-open-lightbox=\"yes\" data-elementor-lightbox-slideshow=\"bfb1ded\" data-elementor-lightbox-title=\"15\" data-e-action-hash=\"#elementor-action%3Aaction%3Dlightbox%26settings%3DeyJpZCI6MTAzNjgsInVybCI6Imh0dHBzOlwvXC9ub3Zha2FsaXAuY29tLnRyXC93cC1jb250ZW50XC91cGxvYWRzXC8yMDI1XC8xMVwvMTUtMi1zY2FsZWQuanBnIiwic2xpZGVzaG93IjoiYmZiMWRlZCJ9\" href='https:\/\/novakalip.com.tr\/wp-content\/uploads\/2025\/11\/15-2-scaled.jpg'><img decoding=\"async\" width=\"150\" height=\"150\" data-src=\"https:\/\/novakalip.com.tr\/wp-content\/uploads\/2025\/11\/15-2-150x150.jpg\" class=\"attachment-thumbnail size-thumbnail lazyload\" alt=\"\" data-srcset=\"https:\/\/novakalip.com.tr\/wp-content\/uploads\/2025\/11\/15-2-150x150.jpg 150w, https:\/\/novakalip.com.tr\/wp-content\/uploads\/2025\/11\/15-2-90x90.jpg 90w, https:\/\/novakalip.com.tr\/wp-content\/uploads\/2025\/11\/15-2-300x300.jpg 300w, https:\/\/novakalip.com.tr\/wp-content\/uploads\/2025\/11\/15-2-600x600.jpg 600w, https:\/\/novakalip.com.tr\/wp-content\/uploads\/2025\/11\/15-2-96x96.jpg 96w, https:\/\/novakalip.com.tr\/wp-content\/uploads\/2025\/11\/15-2-460x460.jpg 460w\" data-sizes=\"(max-width: 150px) 100vw, 150px\" src=\"data:image\/svg+xml;base64,PHN2ZyB3aWR0aD0iMSIgaGVpZ2h0PSIxIiB4bWxucz0iaHR0cDovL3d3dy53My5vcmcvMjAwMC9zdmciPjwvc3ZnPg==\" style=\"--smush-placeholder-width: 150px; --smush-placeholder-aspect-ratio: 150\/150;\" \/><\/a>\n\t\t\t<\/div><\/figure><figure class='gallery-item'>\n\t\t\t<div class='gallery-icon landscape'>\n\t\t\t\t<a data-elementor-open-lightbox=\"yes\" data-elementor-lightbox-slideshow=\"bfb1ded\" data-elementor-lightbox-title=\"16\" data-e-action-hash=\"#elementor-action%3Aaction%3Dlightbox%26settings%3DeyJpZCI6MTAzNjksInVybCI6Imh0dHBzOlwvXC9ub3Zha2FsaXAuY29tLnRyXC93cC1jb250ZW50XC91cGxvYWRzXC8yMDI1XC8xMVwvMTYtMi1zY2FsZWQuanBnIiwic2xpZGVzaG93IjoiYmZiMWRlZCJ9\" href='https:\/\/novakalip.com.tr\/wp-content\/uploads\/2025\/11\/16-2-scaled.jpg'><img decoding=\"async\" width=\"150\" height=\"150\" data-src=\"https:\/\/novakalip.com.tr\/wp-content\/uploads\/2025\/11\/16-2-150x150.jpg\" class=\"attachment-thumbnail size-thumbnail lazyload\" alt=\"\" data-srcset=\"https:\/\/novakalip.com.tr\/wp-content\/uploads\/2025\/11\/16-2-150x150.jpg 150w, https:\/\/novakalip.com.tr\/wp-content\/uploads\/2025\/11\/16-2-90x90.jpg 90w, https:\/\/novakalip.com.tr\/wp-content\/uploads\/2025\/11\/16-2-300x300.jpg 300w, https:\/\/novakalip.com.tr\/wp-content\/uploads\/2025\/11\/16-2-600x600.jpg 600w, https:\/\/novakalip.com.tr\/wp-content\/uploads\/2025\/11\/16-2-96x96.jpg 96w, https:\/\/novakalip.com.tr\/wp-content\/uploads\/2025\/11\/16-2-460x460.jpg 460w\" data-sizes=\"(max-width: 150px) 100vw, 150px\" src=\"data:image\/svg+xml;base64,PHN2ZyB3aWR0aD0iMSIgaGVpZ2h0PSIxIiB4bWxucz0iaHR0cDovL3d3dy53My5vcmcvMjAwMC9zdmciPjwvc3ZnPg==\" style=\"--smush-placeholder-width: 150px; --smush-placeholder-aspect-ratio: 150\/150;\" \/><\/a>\n\t\t\t<\/div><\/figure><figure class='gallery-item'>\n\t\t\t<div class='gallery-icon landscape'>\n\t\t\t\t<a data-elementor-open-lightbox=\"yes\" data-elementor-lightbox-slideshow=\"bfb1ded\" data-elementor-lightbox-title=\"21\" data-e-action-hash=\"#elementor-action%3Aaction%3Dlightbox%26settings%3DeyJpZCI6MTAzNzAsInVybCI6Imh0dHBzOlwvXC9ub3Zha2FsaXAuY29tLnRyXC93cC1jb250ZW50XC91cGxvYWRzXC8yMDI1XC8xMVwvMjEtMi1zY2FsZWQuanBnIiwic2xpZGVzaG93IjoiYmZiMWRlZCJ9\" href='https:\/\/novakalip.com.tr\/wp-content\/uploads\/2025\/11\/21-2-scaled.jpg'><img decoding=\"async\" width=\"150\" height=\"150\" data-src=\"https:\/\/novakalip.com.tr\/wp-content\/uploads\/2025\/11\/21-2-150x150.jpg\" class=\"attachment-thumbnail size-thumbnail lazyload\" alt=\"\" data-srcset=\"https:\/\/novakalip.com.tr\/wp-content\/uploads\/2025\/11\/21-2-150x150.jpg 150w, https:\/\/novakalip.com.tr\/wp-content\/uploads\/2025\/11\/21-2-90x90.jpg 90w, https:\/\/novakalip.com.tr\/wp-content\/uploads\/2025\/11\/21-2-300x300.jpg 300w, https:\/\/novakalip.com.tr\/wp-content\/uploads\/2025\/11\/21-2-600x600.jpg 600w, https:\/\/novakalip.com.tr\/wp-content\/uploads\/2025\/11\/21-2-96x96.jpg 96w, https:\/\/novakalip.com.tr\/wp-content\/uploads\/2025\/11\/21-2-460x460.jpg 460w\" data-sizes=\"(max-width: 150px) 100vw, 150px\" src=\"data:image\/svg+xml;base64,PHN2ZyB3aWR0aD0iMSIgaGVpZ2h0PSIxIiB4bWxucz0iaHR0cDovL3d3dy53My5vcmcvMjAwMC9zdmciPjwvc3ZnPg==\" style=\"--smush-placeholder-width: 150px; --smush-placeholder-aspect-ratio: 150\/150;\" \/><\/a>\n\t\t\t<\/div><\/figure><figure class='gallery-item'>\n\t\t\t<div class='gallery-icon landscape'>\n\t\t\t\t<a data-elementor-open-lightbox=\"yes\" data-elementor-lightbox-slideshow=\"bfb1ded\" data-elementor-lightbox-title=\"23\" data-e-action-hash=\"#elementor-action%3Aaction%3Dlightbox%26settings%3DeyJpZCI6MTAzNzEsInVybCI6Imh0dHBzOlwvXC9ub3Zha2FsaXAuY29tLnRyXC93cC1jb250ZW50XC91cGxvYWRzXC8yMDI1XC8xMVwvMjMtMi1zY2FsZWQuanBnIiwic2xpZGVzaG93IjoiYmZiMWRlZCJ9\" href='https:\/\/novakalip.com.tr\/wp-content\/uploads\/2025\/11\/23-2-scaled.jpg'><img decoding=\"async\" width=\"150\" height=\"150\" data-src=\"https:\/\/novakalip.com.tr\/wp-content\/uploads\/2025\/11\/23-2-150x150.jpg\" class=\"attachment-thumbnail size-thumbnail lazyload\" alt=\"\" data-srcset=\"https:\/\/novakalip.com.tr\/wp-content\/uploads\/2025\/11\/23-2-150x150.jpg 150w, https:\/\/novakalip.com.tr\/wp-content\/uploads\/2025\/11\/23-2-90x90.jpg 90w, https:\/\/novakalip.com.tr\/wp-content\/uploads\/2025\/11\/23-2-300x300.jpg 300w, https:\/\/novakalip.com.tr\/wp-content\/uploads\/2025\/11\/23-2-600x600.jpg 600w, https:\/\/novakalip.com.tr\/wp-content\/uploads\/2025\/11\/23-2-96x96.jpg 96w, https:\/\/novakalip.com.tr\/wp-content\/uploads\/2025\/11\/23-2-460x460.jpg 460w\" data-sizes=\"(max-width: 150px) 100vw, 150px\" src=\"data:image\/svg+xml;base64,PHN2ZyB3aWR0aD0iMSIgaGVpZ2h0PSIxIiB4bWxucz0iaHR0cDovL3d3dy53My5vcmcvMjAwMC9zdmciPjwvc3ZnPg==\" style=\"--smush-placeholder-width: 150px; --smush-placeholder-aspect-ratio: 150\/150;\" \/><\/a>\n\t\t\t<\/div><\/figure><figure class='gallery-item'>\n\t\t\t<div class='gallery-icon landscape'>\n\t\t\t\t<a data-elementor-open-lightbox=\"yes\" data-elementor-lightbox-slideshow=\"bfb1ded\" data-elementor-lightbox-title=\"25\" data-e-action-hash=\"#elementor-action%3Aaction%3Dlightbox%26settings%3DeyJpZCI6MTAzNzIsInVybCI6Imh0dHBzOlwvXC9ub3Zha2FsaXAuY29tLnRyXC93cC1jb250ZW50XC91cGxvYWRzXC8yMDI1XC8xMVwvMjUtMi1zY2FsZWQuanBnIiwic2xpZGVzaG93IjoiYmZiMWRlZCJ9\" href='https:\/\/novakalip.com.tr\/wp-content\/uploads\/2025\/11\/25-2-scaled.jpg'><img decoding=\"async\" width=\"150\" height=\"150\" data-src=\"https:\/\/novakalip.com.tr\/wp-content\/uploads\/2025\/11\/25-2-150x150.jpg\" class=\"attachment-thumbnail size-thumbnail lazyload\" alt=\"\" data-srcset=\"https:\/\/novakalip.com.tr\/wp-content\/uploads\/2025\/11\/25-2-150x150.jpg 150w, https:\/\/novakalip.com.tr\/wp-content\/uploads\/2025\/11\/25-2-90x90.jpg 90w, https:\/\/novakalip.com.tr\/wp-content\/uploads\/2025\/11\/25-2-300x300.jpg 300w, https:\/\/novakalip.com.tr\/wp-content\/uploads\/2025\/11\/25-2-600x600.jpg 600w, https:\/\/novakalip.com.tr\/wp-content\/uploads\/2025\/11\/25-2-96x96.jpg 96w, https:\/\/novakalip.com.tr\/wp-content\/uploads\/2025\/11\/25-2-460x460.jpg 460w\" data-sizes=\"(max-width: 150px) 100vw, 150px\" src=\"data:image\/svg+xml;base64,PHN2ZyB3aWR0aD0iMSIgaGVpZ2h0PSIxIiB4bWxucz0iaHR0cDovL3d3dy53My5vcmcvMjAwMC9zdmciPjwvc3ZnPg==\" style=\"--smush-placeholder-width: 150px; --smush-placeholder-aspect-ratio: 150\/150;\" \/><\/a>\n\t\t\t<\/div><\/figure><figure class='gallery-item'>\n\t\t\t<div class='gallery-icon landscape'>\n\t\t\t\t<a data-elementor-open-lightbox=\"yes\" data-elementor-lightbox-slideshow=\"bfb1ded\" data-elementor-lightbox-title=\"30\" data-e-action-hash=\"#elementor-action%3Aaction%3Dlightbox%26settings%3DeyJpZCI6MTAzNzMsInVybCI6Imh0dHBzOlwvXC9ub3Zha2FsaXAuY29tLnRyXC93cC1jb250ZW50XC91cGxvYWRzXC8yMDI1XC8xMVwvMzAtc2NhbGVkLmpwZyIsInNsaWRlc2hvdyI6ImJmYjFkZWQifQ%3D%3D\" href='https:\/\/novakalip.com.tr\/wp-content\/uploads\/2025\/11\/30-scaled.jpg'><img decoding=\"async\" width=\"150\" height=\"150\" data-src=\"https:\/\/novakalip.com.tr\/wp-content\/uploads\/2025\/11\/30-150x150.jpg\" class=\"attachment-thumbnail size-thumbnail lazyload\" alt=\"\" data-srcset=\"https:\/\/novakalip.com.tr\/wp-content\/uploads\/2025\/11\/30-150x150.jpg 150w, https:\/\/novakalip.com.tr\/wp-content\/uploads\/2025\/11\/30-90x90.jpg 90w, https:\/\/novakalip.com.tr\/wp-content\/uploads\/2025\/11\/30-300x300.jpg 300w, https:\/\/novakalip.com.tr\/wp-content\/uploads\/2025\/11\/30-600x600.jpg 600w, https:\/\/novakalip.com.tr\/wp-content\/uploads\/2025\/11\/30-96x96.jpg 96w, https:\/\/novakalip.com.tr\/wp-content\/uploads\/2025\/11\/30-460x460.jpg 460w\" data-sizes=\"(max-width: 150px) 100vw, 150px\" src=\"data:image\/svg+xml;base64,PHN2ZyB3aWR0aD0iMSIgaGVpZ2h0PSIxIiB4bWxucz0iaHR0cDovL3d3dy53My5vcmcvMjAwMC9zdmciPjwvc3ZnPg==\" style=\"--smush-placeholder-width: 150px; --smush-placeholder-aspect-ratio: 150\/150;\" \/><\/a>\n\t\t\t<\/div><\/figure>\n\t\t<\/div>\n\t\t<\/div>\n\t\t\t\t\t\t<\/div>\n\t\t\t\t<\/div>\n\t\t\t\t\t<\/div>\n\t\t\t\t<\/div>\n\t\t\t\t<\/div>","protected":false},"excerpt":{"rendered":"<p>Boyahane &amp; Serigrafi Ya\u015f boya tesisimizde\u00a0firmam\u0131z\u0131n \u00fcretmi\u015f oldu\u011fu her t\u00fcrl\u00fc plastik par\u00e7a m\u00fc\u015fterilerimizin istemi\u015f oldu\u011fu y\u00fczey kalitesi, renk, parlakl\u0131k ve g\u00f6r\u00fcn\u00fcme g\u00f6re boyanabilmektedir. Tesisimizdeki boya uygulamalar\u0131 her t\u00fcrl\u00fc yabanc\u0131 partik\u00fclden ar\u0131nd\u0131r\u0131lm\u0131\u015f 2 adet pozitif bas\u0131n\u00e7l\u0131 boya kabininde ger\u00e7ekle\u015ftirilmektedir. Boyahanemizde kullan\u0131lan boyama ve \u00f6l\u00e7\u00fcm ekipmanlar\u0131 a\u015fa\u011f\u0131daki gibidir; Serigrafi b\u00f6l\u00fcm\u00fcm\u00fczde ise\u00a0tampon bask\u0131, ipek bask\u0131 ve s\u0131cak bask\u0131, [&hellip;]<\/p>","protected":false},"author":1,"featured_media":0,"parent":0,"menu_order":0,"comment_status":"closed","ping_status":"closed","template":"","meta":{"footnotes":""},"class_list":["post-10069","page","type-page","status-publish","hentry"],"_links":{"self":[{"href":"https:\/\/novakalip.com.tr\/en\/wp-json\/wp\/v2\/pages\/10069","targetHints":{"allow":["GET"]}}],"collection":[{"href":"https:\/\/novakalip.com.tr\/en\/wp-json\/wp\/v2\/pages"}],"about":[{"href":"https:\/\/novakalip.com.tr\/en\/wp-json\/wp\/v2\/types\/page"}],"author":[{"embeddable":true,"href":"https:\/\/novakalip.com.tr\/en\/wp-json\/wp\/v2\/users\/1"}],"replies":[{"embeddable":true,"href":"https:\/\/novakalip.com.tr\/en\/wp-json\/wp\/v2\/comments?post=10069"}],"version-history":[{"count":13,"href":"https:\/\/novakalip.com.tr\/en\/wp-json\/wp\/v2\/pages\/10069\/revisions"}],"predecessor-version":[{"id":10597,"href":"https:\/\/novakalip.com.tr\/en\/wp-json\/wp\/v2\/pages\/10069\/revisions\/10597"}],"wp:attachment":[{"href":"https:\/\/novakalip.com.tr\/en\/wp-json\/wp\/v2\/media?parent=10069"}],"curies":[{"name":"wp","href":"https:\/\/api.w.org\/{rel}","templated":true}]}}