{"id":10063,"date":"2025-10-22T22:42:07","date_gmt":"2025-10-22T22:42:07","guid":{"rendered":"https:\/\/novakalip.com.tr\/?page_id=10063"},"modified":"2025-12-02T08:56:08","modified_gmt":"2025-12-02T08:56:08","slug":"kaliphane","status":"publish","type":"page","link":"https:\/\/novakalip.com.tr\/en\/kaliphane\/","title":{"rendered":"Mold Manufacturing"},"content":{"rendered":"<div data-elementor-type=\"wp-page\" data-elementor-id=\"10063\" class=\"elementor elementor-10063\">\n\t\t\t\t<div class=\"elementor-element elementor-element-5d24ddf e-flex e-con-boxed e-con e-parent\" data-id=\"5d24ddf\" data-element_type=\"container\">\n\t\t\t\t\t<div class=\"e-con-inner\">\n\t\t\t\t<div class=\"elementor-element elementor-element-5b6026b elementor-widget elementor-widget-ct_image\" data-id=\"5b6026b\" data-element_type=\"widget\" data-widget_type=\"ct_image.default\">\n\t\t\t\t<div class=\"elementor-widget-container\">\n\t\t\t\t\t<div class=\"ct-image-single ct-no-effect\" data-width=\"\" data-height=\"\" data-wow-delay=\"ms\">\r\n            <div class=\"ct-image-single--inner\">\r\n                            <img fetchpriority=\"high\" decoding=\"async\" width=\"2560\" height=\"567\" src=\"https:\/\/novakalip.com.tr\/wp-content\/uploads\/2025\/12\/kaliphane-scaled-kopya-kopya.jpg\" class=\"no-lazyload img-main attachment-full\" alt=\"\" \/>                    <\/div>\r\n    <\/div>\t\t\t\t<\/div>\n\t\t\t\t<\/div>\n\t\t\t\t\t<\/div>\n\t\t\t\t<\/div>\n\t\t<div class=\"elementor-element elementor-element-48de21f4 e-flex e-con-boxed e-con e-parent\" data-id=\"48de21f4\" data-element_type=\"container\">\n\t\t\t\t\t<div class=\"e-con-inner\">\n\t\t\t\t<div class=\"elementor-element elementor-element-66297fdf elementor-widget elementor-widget-text-editor\" data-id=\"66297fdf\" data-element_type=\"widget\" data-widget_type=\"text-editor.default\">\n\t\t\t\t<div class=\"elementor-widget-container\">\n\t\t\t\t\t\t\t\t\t\n<h4 class=\"wp-block-heading\">Mold Manufacturing<\/h4>\n\n<p class=\"wp-block-heading\"><strong>Our company has two molding shops, one in Istanbul and one in Eski\u015fehir. The work done in our molding shops is generally grouped into 5 categories.<\/strong><\/p>\n<p><\/p>\n<ul class=\"wp-block-list\">\n<li><strong>Prototype mold manufacturing<\/strong><\/li>\n\n<li><strong>New mold manufacturing (Maximum 5 tons and 1060*600*600 mm dimensions)<\/strong><\/li>\n<li><strong>Mold repair and renovation<\/strong><\/li>\n\n<li><strong>Fixture  manufacturing<\/strong><\/li>\n\n<li><strong>Precision machining<\/strong><\/li>\n<\/ul>\n<p><\/p>\n<p class=\"translation-block\">First, the design of the work to be done is prepared by our design team in CAD environment (<strong>CATIA, SOLIDWORKS<\/strong>). The prepared mold data is analyzed and evaluated using the <strong>SOLIDWORKS PLASTICS PREMIUM <\/strong>simulation program. After the analyzed designs are sent to the customer and the design approval is received from the customer, the parts are processed with high-tech CNC machines used by our experienced staff using CAM programs (<strong>CIMATRON, ESPRIT<\/strong>). These operations are carried out in CNC Machining Centers, Plunge Erosion Machines, Milling Machines, Lathes, Surface Grinding and CNC Wire EDM Machines in our factory.<\/p>\n<p><\/p>\n<p>Project Management plays an important role in the planning and programming of projects in our production process. The stages of the projects are recorded and observed on a daily basis in order to ensure perfect compliance with the deadlines.<\/p>\n<p><\/p>\n<p>Price quotes for projects are provided to our customers within 72 hours.<\/p>\n<p><\/p>\n<table class=\"has-fixed-layout\">\n<tbody>\n<tr>\n<td><strong>MANUFACTURER COMPANY<\/strong><\/td>\n<td><strong>MODEL<\/strong><\/td>\n<td><strong>MACHINE TYPE<\/strong><\/td>\n<td><strong>AXIS MOVEMENT<\/strong><\/td>\n<td><strong>YEAR OF PRODUCTION<\/strong><\/td>\n<td><strong>LOCATION<\/strong><\/td>\n<\/tr>\n<tr>\n<td>HAAS<\/td>\n<td>VM-3<\/td>\n<td>CNC VERTICAL MACHINING CENTER<\/td>\n<td>1020 x 650 x 762 mm.<\/td>\n<td>2020<\/td>\n<td>ESK\u0130\u015eEH\u0130R MOLDING SHOP<\/td>\n<\/tr>\n<tr>\n<td>HAAS<\/td>\n<td>VM-3<\/td>\n<td>CNC VERTICAL MACHINING CENTER<\/td>\n<td>1020 x 650 x 762 mm.<\/td>\n<td>2008<\/td>\n<td>ESK\u0130\u015eEH\u0130R MOLDING SHOP<\/td>\n<\/tr>\n<tr>\n<td>QUASER<\/td>\n<td>420 C<\/td>\n<td>CNC VERTICAL MACHINING CENTER<\/td>\n<td>1270 x 700 x 700 mm.<\/td>\n<td>2022<\/td>\n<td>\u0130STANBUL MOLDING SHOP<\/td>\n<\/tr>\n<tr>\n<td>AWEA<\/td>\n<td>AF-1060<\/td>\n<td>CNC VERTICAL MACHINING CENTER<\/td>\n<td>1060 x 600 x 600 mm.<\/td>\n<td>2015<\/td>\n<td>\u0130STANBUL MOLDING SHOP<\/td>\n<\/tr>\n<tr>\n<td>AWEA<\/td>\n<td>AF-650<\/td>\n<td>CNC VERTICAL MACHINING CENTER<\/td>\n<td>650 x 500 x 500 mm.<\/td>\n<td>2017<\/td>\n<td>\u0130STANBUL MOLDING SHOP<\/td>\n<\/tr>\n<tr>\n<td>GENTIGER<\/td>\n<td>SHCM-97<\/td>\n<td>FREZE<\/td>\n<td>1200 x 260 x 480 mm.<\/td>\n<td>2013<\/td>\n<td>\u0130STANBUL MOLDING SHOP<\/td>\n<\/tr>\n<tr>\n<td>GENTIGER<\/td>\n<td>SHCM-97<\/td>\n<td>FREZE<\/td>\n<td>1200 x 260 x 480 mm.<\/td>\n<td>2016<\/td>\n<td>\u0130STANBUL MOLDING SHOP<\/td>\n<\/tr>\n<tr>\n<td>LAGUN<\/td>\n<td>FTV-4<\/td>\n<td>FREZE<\/td>\n<td>1000 x 380 x 480 mm.<\/td>\n<td>2006<\/td>\n<td>\u0130STANBUL MOLDING SHOP<\/td>\n<\/tr>\n<tr>\n<td>LAGUN<\/td>\n<td>FTV-4<\/td>\n<td>FREZE<\/td>\n<td>1000 x 380 x 480 mm.<\/td>\n<td>2005<\/td>\n<td>ESK\u0130\u015eEH\u0130R MOLDING SHOP<\/td>\n<\/tr>\n<tr>\n<td>TOS<\/td>\n<td>FNK 2<\/td>\n<td>FREZE<\/td>\n<td>780 x 360 x 300 mm.<\/td>\n<td>2003<\/td>\n<td>ESK\u0130\u015eEH\u0130R MOLDING SHOP<\/td>\n<\/tr>\n<tr>\n<td>SPM<\/td>\n<td>EZ-30S<\/td>\n<td>TEL EREZYON<\/td>\n<td>600 x 400 x 320 mm.<\/td>\n<td>2013<\/td>\n<td>\u0130STANBUL MOLDING SHOP<\/td>\n<\/tr>\n<tr>\n<td>NEU-AR<\/td>\n<td>ZNC-90<\/td>\n<td>DALMA EREZYON<\/td>\n<td>800 x 450 mm.<\/td>\n<td>2013<\/td>\n<td>\u0130STANBUL MOLDING SHOP<\/td>\n<\/tr>\n<tr>\n<td>NEU-AR<\/td>\n<td>ZNC-50<\/td>\n<td>DALMA EREZYON<\/td>\n<td>800 x 450 mm.<\/td>\n<td>2018<\/td>\n<td>\u0130STANBUL MOLDING SHOP<\/td>\n<\/tr>\n<tr>\n<td>NEU-AR<\/td>\n<td>ZNC-90<\/td>\n<td>DALMA EREZYON<\/td>\n<td>800 x 450 mm.<\/td>\n<td>2020<\/td>\n<td>ESK\u0130\u015eEH\u0130R MOLDING SHOP<\/td>\n<\/tr>\n<tr>\n<td>FURKAN<\/td>\n<td>KOMPAK 3<\/td>\n<td>DALMA EREZYON<\/td>\n<td>700 x 400 mm.<\/td>\n<td>2004<\/td>\n<td>ESK\u0130\u015eEH\u0130R MOLDING SHOP<\/td>\n<\/tr>\n<tr>\n<td>AJAN<\/td>\n<td>EDM 983<\/td>\n<td>DALMA EREZYON<\/td>\n<td>635 x 315 x 300 mm.<\/td>\n<td>2006<\/td>\n<td>\u0130STANBUL MOLDING SHOP<\/td>\n<\/tr>\n<tr>\n<td>TOS<\/td>\n<td>SN 50C<\/td>\n<td>TORNA<\/td>\n<td>\u03a6 500 x 1500 mm.<\/td>\n<td>1996<\/td>\n<td>ESK\u0130\u015eEH\u0130R MOLDING SHOP<\/td>\n<\/tr>\n<tr>\n<td>JOEN-LIH<\/td>\n<td>JL-4080 ATD<\/td>\n<td>TA\u015eLAMA<\/td>\n<td>400 x 800 mm.<\/td>\n<td>2016<\/td>\n<td>\u0130STANBUL MOLDING SHOP<\/td>\n<\/tr>\n<tr>\n<td>KRASNY BORETS<\/td>\n<td>OSH 450<\/td>\n<td>TA\u015eLAMA<\/td>\n<td>1500*500\u00a0 mm.<\/td>\n<td>2006<\/td>\n<td>ESK\u0130\u015eEH\u0130R MOLDING SHOP<\/td>\n<\/tr>\n<tr>\n<td>WDM<\/td>\n<td>ZQ 3040 10\/1<\/td>\n<td>RADYAL MATKAP<\/td>\n<td>60 MM (\u03a6) DELME<\/td>\n<td>2016<\/td>\n<td>\u0130STANBUL MOLDING SHOP<\/td>\n<\/tr>\n<tr>\n<td>BATLIBOI<\/td>\n<td>BR 618<\/td>\n<td>RADYAL MATKAP<\/td>\n<td>60 MM (\u03a6) DELME<\/td>\n<td>2006<\/td>\n<td>ESK\u0130\u015eEH\u0130R MOLDING SHOP<\/td>\n<\/tr>\n<tr>\n<td>HELTOS<\/td>\n<td>CASTOR VS40<\/td>\n<td>MATKAP<\/td>\n<td>\u00a0<\/td>\n<td>2006<\/td>\n<td>ESK\u0130\u015eEH\u0130R MOLDING SHOP<\/td>\n<\/tr>\n<tr>\n<td>TECNOMAGNETE<\/td>\n<td>\u00a0<\/td>\n<td>MANYET\u0130K TABLA (2 SET)<\/td>\n<td>\u00a0<\/td>\n<td>2005<\/td>\n<td>ESK\u0130\u015eEH\u0130R MOLDING SHOP<\/td>\n<\/tr>\n<tr>\n<td>PWB SWISS AG<\/td>\n<td>EZ-30S<\/td>\n<td>MANYET\u0130K TAKIM UZUNLUK AYARLAYICI<\/td>\n<td>\u00a0<\/td>\n<td>2004<\/td>\n<td>ESK\u0130\u015eEH\u0130R MOLDING SHOP<\/td>\n<\/tr>\n<tr>\n<td>URAVE<\/td>\n<td>EZ-30S<\/td>\n<td>ULTRASONIC PARLATMA MAK\u0130NASI<\/td>\n<td>\u00a0<\/td>\n<td>2007<\/td>\n<td>ESK\u0130\u015eEH\u0130R MOLDING SHOP<\/td>\n<\/tr>\n<tr>\n<td>TEMELSAN<\/td>\n<td>DK-400-01<\/td>\n<td>DEKOPAJ<\/td>\n<td>\u00a0<\/td>\n<td>2007<\/td>\n<td>\u0130STANBUL MOLDING SHOP<\/td>\n<\/tr>\n<\/tbody>\n<\/table>\n\t\t\t\t\t\t\t\t<\/div>\n\t\t\t\t<\/div>\n\t\t\t\t\t<\/div>\n\t\t\t\t<\/div>\n\t\t\t\t<\/div>","protected":false},"excerpt":{"rendered":"<p>Kal\u0131phane Firmam\u0131z b\u00fcnyesinde biri \u0130stanbul ve biri Eski\u015fehir&#8217;de olmak \u00fczere 2 kal\u0131phane mevcuttur. Kal\u0131phanelerimizde yap\u0131lan i\u015fler genel anlamda 5 kategoride toplanmaktad\u0131r. \u0130lk olarak, yap\u0131lacak i\u015flerin tasar\u0131m\u0131 tasar\u0131m ekibimiz taraf\u0131ndan CAD ortam\u0131nda (CATIA, SOLIDWORKS) haz\u0131rlan\u0131r. Haz\u0131rlanan kal\u0131p datalar\u0131 SOLIDWORKS PLASTICS PREMIUM sim\u00fclasyon program\u0131 kullan\u0131larak analiz edilir ve de\u011ferlendirilir. Analiz edilen tasar\u0131mlar\u0131n m\u00fc\u015fteriye g\u00f6nderilmesi ve m\u00fc\u015fteriden al\u0131nan [&hellip;]<\/p>","protected":false},"author":1,"featured_media":0,"parent":0,"menu_order":0,"comment_status":"closed","ping_status":"closed","template":"","meta":{"footnotes":""},"class_list":["post-10063","page","type-page","status-publish","hentry"],"_links":{"self":[{"href":"https:\/\/novakalip.com.tr\/en\/wp-json\/wp\/v2\/pages\/10063","targetHints":{"allow":["GET"]}}],"collection":[{"href":"https:\/\/novakalip.com.tr\/en\/wp-json\/wp\/v2\/pages"}],"about":[{"href":"https:\/\/novakalip.com.tr\/en\/wp-json\/wp\/v2\/types\/page"}],"author":[{"embeddable":true,"href":"https:\/\/novakalip.com.tr\/en\/wp-json\/wp\/v2\/users\/1"}],"replies":[{"embeddable":true,"href":"https:\/\/novakalip.com.tr\/en\/wp-json\/wp\/v2\/comments?post=10063"}],"version-history":[{"count":22,"href":"https:\/\/novakalip.com.tr\/en\/wp-json\/wp\/v2\/pages\/10063\/revisions"}],"predecessor-version":[{"id":10556,"href":"https:\/\/novakalip.com.tr\/en\/wp-json\/wp\/v2\/pages\/10063\/revisions\/10556"}],"wp:attachment":[{"href":"https:\/\/novakalip.com.tr\/en\/wp-json\/wp\/v2\/media?parent=10063"}],"curies":[{"name":"wp","href":"https:\/\/api.w.org\/{rel}","templated":true}]}}