{"id":10060,"date":"2025-10-22T22:38:52","date_gmt":"2025-10-22T22:38:52","guid":{"rendered":"https:\/\/novakalip.com.tr\/?page_id=10060"},"modified":"2025-11-29T09:13:50","modified_gmt":"2025-11-29T09:13:50","slug":"arge","status":"publish","type":"page","link":"https:\/\/novakalip.com.tr\/en\/arge\/","title":{"rendered":"R&amp;D"},"content":{"rendered":"<div data-elementor-type=\"wp-page\" data-elementor-id=\"10060\" class=\"elementor elementor-10060\">\n\t\t\t\t<div class=\"elementor-element elementor-element-43a4980 e-flex e-con-boxed e-con e-parent\" data-id=\"43a4980\" data-element_type=\"container\">\n\t\t\t\t\t<div class=\"e-con-inner\">\n\t\t\t\t<div class=\"elementor-element elementor-element-ffc0089 elementor-widget elementor-widget-ct_image\" data-id=\"ffc0089\" data-element_type=\"widget\" data-widget_type=\"ct_image.default\">\n\t\t\t\t<div class=\"elementor-widget-container\">\n\t\t\t\t\t<div class=\"ct-image-single ct-no-effect\" data-width=\"\" data-height=\"\" data-wow-delay=\"ms\">\r\n            <div class=\"ct-image-single--inner\">\r\n                            <img fetchpriority=\"high\" decoding=\"async\" width=\"2560\" height=\"567\" src=\"https:\/\/novakalip.com.tr\/wp-content\/uploads\/2025\/11\/arge-scaled-kopya.jpg\" class=\"no-lazyload img-main attachment-full\" alt=\"\" \/>                    <\/div>\r\n    <\/div>\t\t\t\t<\/div>\n\t\t\t\t<\/div>\n\t\t\t\t\t<\/div>\n\t\t\t\t<\/div>\n\t\t<div class=\"elementor-element elementor-element-3ebd97ba e-flex e-con-boxed e-con e-parent\" data-id=\"3ebd97ba\" data-element_type=\"container\">\n\t\t\t\t\t<div class=\"e-con-inner\">\n\t\t\t\t<div class=\"elementor-element elementor-element-24d389c8 elementor-widget elementor-widget-text-editor\" data-id=\"24d389c8\" data-element_type=\"widget\" data-widget_type=\"text-editor.default\">\n\t\t\t\t<div class=\"elementor-widget-container\">\n\t\t\t\t\t\t\t\t\t\n<h3 class=\"wp-block-heading\">R&amp;D CENTER<\/h3>\n\n<p>As Nova Mold and Plastics, we believe that customer satisfaction is only possible by producing quality and economical products. For this reason, our R&amp;D Center, which was approved by the Ministry in 2018, and our product design and development activities are organized in a structure that will best meet customer demands.<\/p>\n\n<p>Technical data and samples from our customers or market research conducted by the marketing department are analyzed in our R&amp;D department. Technical drawings and CAD models of the projects deemed appropriate as a result of the analysis are prepared and transferred to prototype production. All our design and prototype production work is under the control of our engineers and technicians in our R&amp;D department.<\/p>\n\n<p>These created CAD data are converted into a CAM program for prototype mold production with CNC-controlled machines.<\/p>\n\n<p>CAD\/CAM and Simulation programs used by our company:<\/p>\n\n<ul class=\"wp-block-list\">\n<li><strong>CAD: CATIA, SOLIDWORKS<\/strong><\/li>\n\n<li><strong>CAM: CIMATRON, ESPRIT<\/strong><\/li>\n\n<li><strong>SIMULATION: SOLIDWORKS PLASTICS PREMIUM<\/strong><\/li>\n<\/ul>\n\n<p>Apart from these programs, it is possible to work on other programs in line with customer requests.<\/p>\n<p class=\"translation-block\">In addition, with the help of <strong>SLA 3D printer<\/strong>and<strong>FDM 3D printer<\/strong> in our company, we have the ability to obtain prototype products without producing a prototype mold.<\/p>\n\n<p><br \/>Prototype products are produced with prototype molds produced using these data and programs, and these prototype products are subjected to the necessary tests and measurements in line with customer requests and needs.\u00a0<\/p>\n\t\t\t\t\t\t\t\t<\/div>\n\t\t\t\t<\/div>\n\t\t\t\t\t<\/div>\n\t\t\t\t<\/div>\n\t\t\t\t<\/div>","protected":false},"excerpt":{"rendered":"<p>AR-GE MERKEZ\u0130 Nova Kal\u0131p ve Plastik olarak m\u00fc\u015fteri memnuniyetinin sadece kaliteli ve ekonomik \u00fcr\u00fcnlerin \u00fcretilmesi ile m\u00fcmk\u00fcn olabilece\u011fi inanc\u0131nday\u0131z. Bu nedenle 2018 y\u0131l\u0131nda Bakanl\u0131k\u00e7a onaylanan AR-GE Merkezimiz, \u00fcr\u00fcn tasar\u0131m ve geli\u015ftirme faaliyetlerimiz, m\u00fc\u015fteri isteklerini en iyi \u015fekilde kar\u015f\u0131layacak yap\u0131da d\u00fczenlenmi\u015ftir. M\u00fc\u015fterilerimizden gelen teknik veri ve numuneler veya pazarlama b\u00f6l\u00fcm\u00fcn\u00fcn yapt\u0131\u011f\u0131 pazar ara\u015ft\u0131rmalar\u0131, AR-GE b\u00f6l\u00fcm\u00fcm\u00fczde analiz [&hellip;]<\/p>","protected":false},"author":1,"featured_media":0,"parent":0,"menu_order":0,"comment_status":"closed","ping_status":"closed","template":"","meta":{"footnotes":""},"class_list":["post-10060","page","type-page","status-publish","hentry"],"_links":{"self":[{"href":"https:\/\/novakalip.com.tr\/en\/wp-json\/wp\/v2\/pages\/10060","targetHints":{"allow":["GET"]}}],"collection":[{"href":"https:\/\/novakalip.com.tr\/en\/wp-json\/wp\/v2\/pages"}],"about":[{"href":"https:\/\/novakalip.com.tr\/en\/wp-json\/wp\/v2\/types\/page"}],"author":[{"embeddable":true,"href":"https:\/\/novakalip.com.tr\/en\/wp-json\/wp\/v2\/users\/1"}],"replies":[{"embeddable":true,"href":"https:\/\/novakalip.com.tr\/en\/wp-json\/wp\/v2\/comments?post=10060"}],"version-history":[{"count":19,"href":"https:\/\/novakalip.com.tr\/en\/wp-json\/wp\/v2\/pages\/10060\/revisions"}],"predecessor-version":[{"id":10519,"href":"https:\/\/novakalip.com.tr\/en\/wp-json\/wp\/v2\/pages\/10060\/revisions\/10519"}],"wp:attachment":[{"href":"https:\/\/novakalip.com.tr\/en\/wp-json\/wp\/v2\/media?parent=10060"}],"curies":[{"name":"wp","href":"https:\/\/api.w.org\/{rel}","templated":true}]}}