{"id":10047,"date":"2025-10-22T22:31:46","date_gmt":"2025-10-22T22:31:46","guid":{"rendered":"https:\/\/novakalip.com.tr\/?page_id=10047"},"modified":"2025-10-22T22:36:08","modified_gmt":"2025-10-22T22:36:08","slug":"is-ortaklarimiz","status":"publish","type":"page","link":"https:\/\/novakalip.com.tr\/en\/is-ortaklarimiz\/","title":{"rendered":"\u0130\u015f Ortaklar\u0131m\u0131z"},"content":{"rendered":"<div data-elementor-type=\"wp-page\" data-elementor-id=\"10047\" class=\"elementor elementor-10047\">\n\t\t\t\t<div class=\"elementor-element elementor-element-849c458 e-flex e-con-boxed e-con e-parent\" data-id=\"849c458\" data-element_type=\"container\">\n\t\t\t\t\t<div class=\"e-con-inner\">\n\t\t<div class=\"elementor-element elementor-element-e8c06a1 e-con-full e-flex e-con e-child\" data-id=\"e8c06a1\" data-element_type=\"container\">\n\t\t\t\t<div class=\"elementor-element elementor-element-866e7e7 elementor-widget elementor-widget-image\" data-id=\"866e7e7\" data-element_type=\"widget\" data-widget_type=\"image.default\">\n\t\t\t\t<div class=\"elementor-widget-container\">\n\t\t\t\t\t\t\t\t\t\t\t\t\t\t\t<img fetchpriority=\"high\" decoding=\"async\" width=\"260\" height=\"260\" src=\"https:\/\/novakalip.com.tr\/wp-content\/uploads\/2025\/10\/7.jpg\" class=\"attachment-large size-large wp-image-10049\" alt=\"\" srcset=\"https:\/\/novakalip.com.tr\/wp-content\/uploads\/2025\/10\/7.jpg 260w, https:\/\/novakalip.com.tr\/wp-content\/uploads\/2025\/10\/7-150x150.jpg 150w, https:\/\/novakalip.com.tr\/wp-content\/uploads\/2025\/10\/7-90x90.jpg 90w, https:\/\/novakalip.com.tr\/wp-content\/uploads\/2025\/10\/7-96x96.jpg 96w\" sizes=\"(max-width: 260px) 100vw, 260px\" \/>\t\t\t\t\t\t\t\t\t\t\t\t\t\t\t<\/div>\n\t\t\t\t<\/div>\n\t\t\t\t<\/div>\n\t\t<div class=\"elementor-element elementor-element-aaea218 e-con-full e-flex e-con e-child\" data-id=\"aaea218\" data-element_type=\"container\">\n\t\t\t\t<div class=\"elementor-element elementor-element-64ee78d elementor-widget elementor-widget-image\" data-id=\"64ee78d\" data-element_type=\"widget\" data-widget_type=\"image.default\">\n\t\t\t\t<div class=\"elementor-widget-container\">\n\t\t\t\t\t\t\t\t\t\t\t\t\t\t\t<img decoding=\"async\" width=\"260\" height=\"260\" data-src=\"https:\/\/novakalip.com.tr\/wp-content\/uploads\/2025\/10\/6.gif\" class=\"attachment-large size-large wp-image-10050 lazyload\" alt=\"\" src=\"data:image\/svg+xml;base64,PHN2ZyB3aWR0aD0iMSIgaGVpZ2h0PSIxIiB4bWxucz0iaHR0cDovL3d3dy53My5vcmcvMjAwMC9zdmciPjwvc3ZnPg==\" style=\"--smush-placeholder-width: 260px; --smush-placeholder-aspect-ratio: 260\/260;\" \/>\t\t\t\t\t\t\t\t\t\t\t\t\t\t\t<\/div>\n\t\t\t\t<\/div>\n\t\t\t\t<\/div>\n\t\t<div class=\"elementor-element elementor-element-81dad38 e-con-full e-flex e-con e-child\" data-id=\"81dad38\" data-element_type=\"container\">\n\t\t\t\t<div class=\"elementor-element elementor-element-63aa8ee elementor-widget elementor-widget-image\" data-id=\"63aa8ee\" data-element_type=\"widget\" data-widget_type=\"image.default\">\n\t\t\t\t<div class=\"elementor-widget-container\">\n\t\t\t\t\t\t\t\t\t\t\t\t\t\t\t<img decoding=\"async\" width=\"260\" height=\"260\" data-src=\"https:\/\/novakalip.com.tr\/wp-content\/uploads\/2025\/10\/5.gif\" class=\"attachment-large size-large wp-image-10051 lazyload\" alt=\"\" src=\"data:image\/svg+xml;base64,PHN2ZyB3aWR0aD0iMSIgaGVpZ2h0PSIxIiB4bWxucz0iaHR0cDovL3d3dy53My5vcmcvMjAwMC9zdmciPjwvc3ZnPg==\" style=\"--smush-placeholder-width: 260px; --smush-placeholder-aspect-ratio: 260\/260;\" \/>\t\t\t\t\t\t\t\t\t\t\t\t\t\t\t<\/div>\n\t\t\t\t<\/div>\n\t\t\t\t<\/div>\n\t\t<div class=\"elementor-element elementor-element-0aeb504 e-con-full e-flex e-con e-child\" data-id=\"0aeb504\" data-element_type=\"container\">\n\t\t\t\t<div class=\"elementor-element elementor-element-8b63518 elementor-widget elementor-widget-image\" data-id=\"8b63518\" data-element_type=\"widget\" data-widget_type=\"image.default\">\n\t\t\t\t<div class=\"elementor-widget-container\">\n\t\t\t\t\t\t\t\t\t\t\t\t\t\t\t<img decoding=\"async\" width=\"260\" height=\"260\" data-src=\"https:\/\/novakalip.com.tr\/wp-content\/uploads\/2025\/10\/4.jpg\" class=\"attachment-large size-large wp-image-10052 lazyload\" alt=\"\" data-srcset=\"https:\/\/novakalip.com.tr\/wp-content\/uploads\/2025\/10\/4.jpg 260w, https:\/\/novakalip.com.tr\/wp-content\/uploads\/2025\/10\/4-150x150.jpg 150w, https:\/\/novakalip.com.tr\/wp-content\/uploads\/2025\/10\/4-90x90.jpg 90w, https:\/\/novakalip.com.tr\/wp-content\/uploads\/2025\/10\/4-96x96.jpg 96w\" data-sizes=\"(max-width: 260px) 100vw, 260px\" src=\"data:image\/svg+xml;base64,PHN2ZyB3aWR0aD0iMSIgaGVpZ2h0PSIxIiB4bWxucz0iaHR0cDovL3d3dy53My5vcmcvMjAwMC9zdmciPjwvc3ZnPg==\" style=\"--smush-placeholder-width: 260px; --smush-placeholder-aspect-ratio: 260\/260;\" \/>\t\t\t\t\t\t\t\t\t\t\t\t\t\t\t<\/div>\n\t\t\t\t<\/div>\n\t\t\t\t<\/div>\n\t\t<div class=\"elementor-element elementor-element-0b8a350 e-con-full e-flex e-con e-child\" data-id=\"0b8a350\" data-element_type=\"container\">\n\t\t\t\t<div class=\"elementor-element elementor-element-a579975 elementor-widget elementor-widget-image\" data-id=\"a579975\" data-element_type=\"widget\" data-widget_type=\"image.default\">\n\t\t\t\t<div class=\"elementor-widget-container\">\n\t\t\t\t\t\t\t\t\t\t\t\t\t\t\t<img decoding=\"async\" width=\"260\" height=\"260\" data-src=\"https:\/\/novakalip.com.tr\/wp-content\/uploads\/2025\/10\/2.gif\" class=\"attachment-large size-large wp-image-10053 lazyload\" alt=\"\" src=\"data:image\/svg+xml;base64,PHN2ZyB3aWR0aD0iMSIgaGVpZ2h0PSIxIiB4bWxucz0iaHR0cDovL3d3dy53My5vcmcvMjAwMC9zdmciPjwvc3ZnPg==\" style=\"--smush-placeholder-width: 260px; --smush-placeholder-aspect-ratio: 260\/260;\" \/>\t\t\t\t\t\t\t\t\t\t\t\t\t\t\t<\/div>\n\t\t\t\t<\/div>\n\t\t\t\t<\/div>\n\t\t<div class=\"elementor-element elementor-element-ec025bd e-con-full e-flex e-con e-child\" data-id=\"ec025bd\" data-element_type=\"container\">\n\t\t\t\t<div class=\"elementor-element elementor-element-cda8f63 elementor-widget elementor-widget-image\" data-id=\"cda8f63\" data-element_type=\"widget\" data-widget_type=\"image.default\">\n\t\t\t\t<div class=\"elementor-widget-container\">\n\t\t\t\t\t\t\t\t\t\t\t\t\t\t\t<img decoding=\"async\" width=\"260\" height=\"260\" data-src=\"https:\/\/novakalip.com.tr\/wp-content\/uploads\/2025\/10\/3.jpg\" class=\"attachment-large size-large wp-image-10054 lazyload\" alt=\"\" data-srcset=\"https:\/\/novakalip.com.tr\/wp-content\/uploads\/2025\/10\/3.jpg 260w, https:\/\/novakalip.com.tr\/wp-content\/uploads\/2025\/10\/3-150x150.jpg 150w, https:\/\/novakalip.com.tr\/wp-content\/uploads\/2025\/10\/3-90x90.jpg 90w, https:\/\/novakalip.com.tr\/wp-content\/uploads\/2025\/10\/3-96x96.jpg 96w\" data-sizes=\"(max-width: 260px) 100vw, 260px\" src=\"data:image\/svg+xml;base64,PHN2ZyB3aWR0aD0iMSIgaGVpZ2h0PSIxIiB4bWxucz0iaHR0cDovL3d3dy53My5vcmcvMjAwMC9zdmciPjwvc3ZnPg==\" style=\"--smush-placeholder-width: 260px; --smush-placeholder-aspect-ratio: 260\/260;\" \/>\t\t\t\t\t\t\t\t\t\t\t\t\t\t\t<\/div>\n\t\t\t\t<\/div>\n\t\t\t\t<\/div>\n\t\t\t\t\t<\/div>\n\t\t\t\t<\/div>\n\t\t<div class=\"elementor-element elementor-element-b3e8949 e-flex e-con-boxed e-con e-parent\" data-id=\"b3e8949\" data-element_type=\"container\">\n\t\t\t\t\t<div class=\"e-con-inner\">\n\t\t<div class=\"elementor-element elementor-element-da94c07 e-con-full e-flex e-con e-child\" data-id=\"da94c07\" data-element_type=\"container\">\n\t\t\t\t<div class=\"elementor-element elementor-element-825977d elementor-widget elementor-widget-image\" data-id=\"825977d\" data-element_type=\"widget\" data-widget_type=\"image.default\">\n\t\t\t\t<div class=\"elementor-widget-container\">\n\t\t\t\t\t\t\t\t\t\t\t\t\t\t\t<img decoding=\"async\" width=\"260\" height=\"260\" data-src=\"https:\/\/novakalip.com.tr\/wp-content\/uploads\/2025\/10\/1.jpg\" class=\"attachment-large size-large wp-image-10055 lazyload\" alt=\"\" data-srcset=\"https:\/\/novakalip.com.tr\/wp-content\/uploads\/2025\/10\/1.jpg 260w, https:\/\/novakalip.com.tr\/wp-content\/uploads\/2025\/10\/1-150x150.jpg 150w, https:\/\/novakalip.com.tr\/wp-content\/uploads\/2025\/10\/1-90x90.jpg 90w, https:\/\/novakalip.com.tr\/wp-content\/uploads\/2025\/10\/1-96x96.jpg 96w\" data-sizes=\"(max-width: 260px) 100vw, 260px\" src=\"data:image\/svg+xml;base64,PHN2ZyB3aWR0aD0iMSIgaGVpZ2h0PSIxIiB4bWxucz0iaHR0cDovL3d3dy53My5vcmcvMjAwMC9zdmciPjwvc3ZnPg==\" style=\"--smush-placeholder-width: 260px; --smush-placeholder-aspect-ratio: 260\/260;\" \/>\t\t\t\t\t\t\t\t\t\t\t\t\t\t\t<\/div>\n\t\t\t\t<\/div>\n\t\t\t\t<\/div>\n\t\t<div class=\"elementor-element elementor-element-db97e30 e-con-full e-flex e-con e-child\" data-id=\"db97e30\" data-element_type=\"container\">\n\t\t\t\t<\/div>\n\t\t<div class=\"elementor-element elementor-element-a05a0d2 e-con-full e-flex e-con e-child\" data-id=\"a05a0d2\" data-element_type=\"container\">\n\t\t\t\t<\/div>\n\t\t<div class=\"elementor-element elementor-element-4791501 e-con-full e-flex e-con e-child\" data-id=\"4791501\" data-element_type=\"container\">\n\t\t\t\t<\/div>\n\t\t<div class=\"elementor-element elementor-element-19f2853 e-con-full e-flex e-con e-child\" data-id=\"19f2853\" data-element_type=\"container\">\n\t\t\t\t<\/div>\n\t\t<div class=\"elementor-element elementor-element-a1519fb e-con-full e-flex e-con e-child\" data-id=\"a1519fb\" data-element_type=\"container\">\n\t\t\t\t<\/div>\n\t\t\t\t\t<\/div>\n\t\t\t\t<\/div>\n\t\t\t\t<\/div>","protected":false},"excerpt":{"rendered":"","protected":false},"author":1,"featured_media":0,"parent":0,"menu_order":0,"comment_status":"closed","ping_status":"closed","template":"","meta":{"footnotes":""},"class_list":["post-10047","page","type-page","status-publish","hentry"],"_links":{"self":[{"href":"https:\/\/novakalip.com.tr\/en\/wp-json\/wp\/v2\/pages\/10047","targetHints":{"allow":["GET"]}}],"collection":[{"href":"https:\/\/novakalip.com.tr\/en\/wp-json\/wp\/v2\/pages"}],"about":[{"href":"https:\/\/novakalip.com.tr\/en\/wp-json\/wp\/v2\/types\/page"}],"author":[{"embeddable":true,"href":"https:\/\/novakalip.com.tr\/en\/wp-json\/wp\/v2\/users\/1"}],"replies":[{"embeddable":true,"href":"https:\/\/novakalip.com.tr\/en\/wp-json\/wp\/v2\/comments?post=10047"}],"version-history":[{"count":4,"href":"https:\/\/novakalip.com.tr\/en\/wp-json\/wp\/v2\/pages\/10047\/revisions"}],"predecessor-version":[{"id":10058,"href":"https:\/\/novakalip.com.tr\/en\/wp-json\/wp\/v2\/pages\/10047\/revisions\/10058"}],"wp:attachment":[{"href":"https:\/\/novakalip.com.tr\/en\/wp-json\/wp\/v2\/media?parent=10047"}],"curies":[{"name":"wp","href":"https:\/\/api.w.org\/{rel}","templated":true}]}}